{"id":445,"date":"2016-09-27T10:30:02","date_gmt":"2016-09-27T10:30:02","guid":{"rendered":"http:\/\/fitness2.mythemecloud.io\/?page_id=445"},"modified":"2023-10-18T11:40:55","modified_gmt":"2023-10-18T17:40:55","slug":"contacto","status":"publish","type":"page","link":"https:\/\/tecamacho.com\/index.php\/contacto\/","title":{"rendered":"Contact"},"content":{"rendered":"<h3>Direcci\u00f3n<\/h3>\n<p>Ciudad de M\u00e9xico. Alcald\u00eda Gustavo A. Madero<\/p>\n<h3>Tels.<\/h3>\n<p>(55) 72-48-97-74<\/p>\n<p>(55) 46-00-13-17<\/p>\n<p>(55) 19-97-22-02<\/p>\n<h3>Correo<\/h3>\n<p>info@tecamacho.com<\/p>\n<p>transportes.camacho@hotmail.com<\/p>\n<h3>Horarios<\/h3>\n<p>Lunes a viernes de 9:00 a 18:00 hrs.<\/p>\n<p>S\u00e1bado de 9:00 a 18:00 hrs.<\/p>\n","protected":false},"excerpt":{"rendered":"<p>Direcci\u00f3n Ciudad de M\u00e9xico. Alcald\u00eda Gustavo A. Madero Tels. (55) 72-48-97-74 (55) 46-00-13-17 (55) 19-97-22-02 Correo info@tecamacho.com transportes.camacho@hotmail.com Horarios Lunes a viernes de 9:00 a 18:00 hrs. S\u00e1bado de 9:00 a 18:00 hrs.<\/p>\n","protected":false},"author":1,"featured_media":0,"parent":0,"menu_order":0,"comment_status":"closed","ping_status":"closed","template":"","meta":{"footnotes":""},"class_list":["post-445","page","type-page","status-publish","hentry","entry"],"yoast_head":"<!-- This site is optimized with the Yoast SEO plugin v27.4 - https:\/\/yoast.com\/product\/yoast-seo-wordpress\/ -->\n<title>Contact - Transportes Especializados Camacho<\/title>\n<meta name=\"robots\" content=\"index, follow, max-snippet:-1, max-image-preview:large, max-video-preview:-1\" \/>\n<link rel=\"canonical\" href=\"https:\/\/tecamacho.com\/index.php\/contacto\/\" \/>\n<meta property=\"og:locale\" content=\"es_MX\" \/>\n<meta property=\"og:type\" content=\"article\" \/>\n<meta property=\"og:title\" content=\"Contact - Transportes Especializados Camacho\" \/>\n<meta property=\"og:description\" content=\"Direcci\u00f3n Ciudad de M\u00e9xico. Alcald\u00eda Gustavo A. Madero Tels. (55) 72-48-97-74 (55) 46-00-13-17 (55) 19-97-22-02 Correo info@tecamacho.com transportes.camacho@hotmail.com Horarios Lunes a viernes de 9:00 a 18:00 hrs. S\u00e1bado de 9:00 a 18:00 hrs.\" \/>\n<meta property=\"og:url\" content=\"https:\/\/tecamacho.com\/index.php\/contacto\/\" \/>\n<meta property=\"og:site_name\" content=\"Transportes Especializados Camacho\" \/>\n<meta property=\"article:modified_time\" content=\"2023-10-18T17:40:55+00:00\" \/>\n<meta name=\"twitter:card\" content=\"summary_large_image\" \/>\n<meta name=\"twitter:label1\" content=\"Tiempo de lectura\" \/>\n\t<meta name=\"twitter:data1\" content=\"1 minuto\" \/>\n<script type=\"application\/ld+json\" class=\"yoast-schema-graph\">{\"@context\":\"https:\\\/\\\/schema.org\",\"@graph\":[{\"@type\":\"WebPage\",\"@id\":\"https:\\\/\\\/tecamacho.com\\\/index.php\\\/contacto\\\/\",\"url\":\"https:\\\/\\\/tecamacho.com\\\/index.php\\\/contacto\\\/\",\"name\":\"Contact - Transportes Especializados Camacho\",\"isPartOf\":{\"@id\":\"https:\\\/\\\/tecamacho.com\\\/#website\"},\"datePublished\":\"2016-09-27T10:30:02+00:00\",\"dateModified\":\"2023-10-18T17:40:55+00:00\",\"breadcrumb\":{\"@id\":\"https:\\\/\\\/tecamacho.com\\\/index.php\\\/contacto\\\/#breadcrumb\"},\"inLanguage\":\"es\",\"potentialAction\":[{\"@type\":\"ReadAction\",\"target\":[\"https:\\\/\\\/tecamacho.com\\\/index.php\\\/contacto\\\/\"]}]},{\"@type\":\"BreadcrumbList\",\"@id\":\"https:\\\/\\\/tecamacho.com\\\/index.php\\\/contacto\\\/#breadcrumb\",\"itemListElement\":[{\"@type\":\"ListItem\",\"position\":1,\"name\":\"Home\",\"item\":\"https:\\\/\\\/tecamacho.com\\\/\"},{\"@type\":\"ListItem\",\"position\":2,\"name\":\"Contact\"}]},{\"@type\":\"WebSite\",\"@id\":\"https:\\\/\\\/tecamacho.com\\\/#website\",\"url\":\"https:\\\/\\\/tecamacho.com\\\/\",\"name\":\"Transportes Especializados Camacho\",\"description\":\"Transportes Especializados Camacho\",\"publisher\":{\"@id\":\"https:\\\/\\\/tecamacho.com\\\/#organization\"},\"potentialAction\":[{\"@type\":\"SearchAction\",\"target\":{\"@type\":\"EntryPoint\",\"urlTemplate\":\"https:\\\/\\\/tecamacho.com\\\/?s={search_term_string}\"},\"query-input\":{\"@type\":\"PropertyValueSpecification\",\"valueRequired\":true,\"valueName\":\"search_term_string\"}}],\"inLanguage\":\"es\"},{\"@type\":\"Organization\",\"@id\":\"https:\\\/\\\/tecamacho.com\\\/#organization\",\"name\":\"Transportes Especializados Camacho\",\"url\":\"https:\\\/\\\/tecamacho.com\\\/\",\"logo\":{\"@type\":\"ImageObject\",\"inLanguage\":\"es\",\"@id\":\"https:\\\/\\\/tecamacho.com\\\/#\\\/schema\\\/logo\\\/image\\\/\",\"url\":\"https:\\\/\\\/i0.wp.com\\\/tecamacho.com\\\/wp-content\\\/uploads\\\/2023\\\/10\\\/cropped-Logo-2.png?fit=410%2C154&ssl=1\",\"contentUrl\":\"https:\\\/\\\/i0.wp.com\\\/tecamacho.com\\\/wp-content\\\/uploads\\\/2023\\\/10\\\/cropped-Logo-2.png?fit=410%2C154&ssl=1\",\"width\":410,\"height\":154,\"caption\":\"Transportes Especializados Camacho\"},\"image\":{\"@id\":\"https:\\\/\\\/tecamacho.com\\\/#\\\/schema\\\/logo\\\/image\\\/\"}}]}<\/script>\n<!-- \/ Yoast SEO plugin. -->","yoast_head_json":{"title":"Contact - Transportes Especializados Camacho","robots":{"index":"index","follow":"follow","max-snippet":"max-snippet:-1","max-image-preview":"max-image-preview:large","max-video-preview":"max-video-preview:-1"},"canonical":"https:\/\/tecamacho.com\/index.php\/contacto\/","og_locale":"es_MX","og_type":"article","og_title":"Contact - Transportes Especializados Camacho","og_description":"Direcci\u00f3n Ciudad de M\u00e9xico. Alcald\u00eda Gustavo A. Madero Tels. (55) 72-48-97-74 (55) 46-00-13-17 (55) 19-97-22-02 Correo info@tecamacho.com transportes.camacho@hotmail.com Horarios Lunes a viernes de 9:00 a 18:00 hrs. S\u00e1bado de 9:00 a 18:00 hrs.","og_url":"https:\/\/tecamacho.com\/index.php\/contacto\/","og_site_name":"Transportes Especializados Camacho","article_modified_time":"2023-10-18T17:40:55+00:00","twitter_card":"summary_large_image","twitter_misc":{"Tiempo de lectura":"1 minuto"},"schema":{"@context":"https:\/\/schema.org","@graph":[{"@type":"WebPage","@id":"https:\/\/tecamacho.com\/index.php\/contacto\/","url":"https:\/\/tecamacho.com\/index.php\/contacto\/","name":"Contact - Transportes Especializados Camacho","isPartOf":{"@id":"https:\/\/tecamacho.com\/#website"},"datePublished":"2016-09-27T10:30:02+00:00","dateModified":"2023-10-18T17:40:55+00:00","breadcrumb":{"@id":"https:\/\/tecamacho.com\/index.php\/contacto\/#breadcrumb"},"inLanguage":"es","potentialAction":[{"@type":"ReadAction","target":["https:\/\/tecamacho.com\/index.php\/contacto\/"]}]},{"@type":"BreadcrumbList","@id":"https:\/\/tecamacho.com\/index.php\/contacto\/#breadcrumb","itemListElement":[{"@type":"ListItem","position":1,"name":"Home","item":"https:\/\/tecamacho.com\/"},{"@type":"ListItem","position":2,"name":"Contact"}]},{"@type":"WebSite","@id":"https:\/\/tecamacho.com\/#website","url":"https:\/\/tecamacho.com\/","name":"Transportes Especializados Camacho","description":"Transportes Especializados Camacho","publisher":{"@id":"https:\/\/tecamacho.com\/#organization"},"potentialAction":[{"@type":"SearchAction","target":{"@type":"EntryPoint","urlTemplate":"https:\/\/tecamacho.com\/?s={search_term_string}"},"query-input":{"@type":"PropertyValueSpecification","valueRequired":true,"valueName":"search_term_string"}}],"inLanguage":"es"},{"@type":"Organization","@id":"https:\/\/tecamacho.com\/#organization","name":"Transportes Especializados Camacho","url":"https:\/\/tecamacho.com\/","logo":{"@type":"ImageObject","inLanguage":"es","@id":"https:\/\/tecamacho.com\/#\/schema\/logo\/image\/","url":"https:\/\/i0.wp.com\/tecamacho.com\/wp-content\/uploads\/2023\/10\/cropped-Logo-2.png?fit=410%2C154&ssl=1","contentUrl":"https:\/\/i0.wp.com\/tecamacho.com\/wp-content\/uploads\/2023\/10\/cropped-Logo-2.png?fit=410%2C154&ssl=1","width":410,"height":154,"caption":"Transportes Especializados Camacho"},"image":{"@id":"https:\/\/tecamacho.com\/#\/schema\/logo\/image\/"}}]}},"jetpack_sharing_enabled":true,"_links":{"self":[{"href":"https:\/\/tecamacho.com\/index.php\/wp-json\/wp\/v2\/pages\/445","targetHints":{"allow":["GET"]}}],"collection":[{"href":"https:\/\/tecamacho.com\/index.php\/wp-json\/wp\/v2\/pages"}],"about":[{"href":"https:\/\/tecamacho.com\/index.php\/wp-json\/wp\/v2\/types\/page"}],"author":[{"embeddable":true,"href":"https:\/\/tecamacho.com\/index.php\/wp-json\/wp\/v2\/users\/1"}],"replies":[{"embeddable":true,"href":"https:\/\/tecamacho.com\/index.php\/wp-json\/wp\/v2\/comments?post=445"}],"version-history":[{"count":16,"href":"https:\/\/tecamacho.com\/index.php\/wp-json\/wp\/v2\/pages\/445\/revisions"}],"predecessor-version":[{"id":2799,"href":"https:\/\/tecamacho.com\/index.php\/wp-json\/wp\/v2\/pages\/445\/revisions\/2799"}],"wp:attachment":[{"href":"https:\/\/tecamacho.com\/index.php\/wp-json\/wp\/v2\/media?parent=445"}],"curies":[{"name":"wp","href":"https:\/\/api.w.org\/{rel}","templated":true}]}}