{"id":406,"date":"2016-09-27T09:51:22","date_gmt":"2016-09-27T09:51:22","guid":{"rendered":"http:\/\/fitness2.mythemecloud.io\/?page_id=406"},"modified":"2020-06-20T12:49:49","modified_gmt":"2020-06-20T18:49:49","slug":"studio","status":"publish","type":"page","link":"https:\/\/tecamacho.com\/index.php\/studio\/","title":{"rendered":"Studio"},"content":{"rendered":"\t\t<div data-elementor-type=\"wp-page\" data-elementor-id=\"406\" class=\"elementor elementor-406\">\n\t\t\t\t\t\t<section class=\"elementor-section elementor-top-section elementor-element elementor-element-5637684 elementor-section-stretched elementor-section-height-full elementor-section-boxed elementor-section-height-default elementor-section-items-middle\" data-id=\"5637684\" data-element_type=\"section\" data-e-type=\"section\" data-settings=\"{&quot;background_background&quot;:&quot;classic&quot;,&quot;stretch_section&quot;:&quot;section-stretched&quot;,&quot;animation&quot;:&quot;none&quot;}\">\n\t\t\t\t\t\t<div class=\"elementor-container elementor-column-gap-default\">\n\t\t\t\t\t<div class=\"elementor-column elementor-col-50 elementor-top-column elementor-element elementor-element-fc05289\" data-id=\"fc05289\" data-element_type=\"column\" data-e-type=\"column\">\n\t\t\t<div class=\"elementor-widget-wrap elementor-element-populated\">\n\t\t\t\t\t\t<div class=\"elementor-element elementor-element-873e9d4 elementor-widget elementor-widget-image\" data-id=\"873e9d4\" data-element_type=\"widget\" data-e-type=\"widget\" data-widget_type=\"image.default\">\n\t\t\t\t<div class=\"elementor-widget-container\">\n\t\t\t\t\t\t\t\t\t\t\t\t\t\t\t<img fetchpriority=\"high\" decoding=\"async\" width=\"768\" height=\"576\" src=\"https:\/\/i0.wp.com\/tecamacho.com\/wp-content\/uploads\/2020\/06\/93991557_848628885630082_1607263610696892416_o.jpg?fit=768%2C576&amp;ssl=1\" class=\"attachment-medium_large size-medium_large wp-image-842\" alt=\"\" srcset=\"https:\/\/i0.wp.com\/tecamacho.com\/wp-content\/uploads\/2020\/06\/93991557_848628885630082_1607263610696892416_o.jpg?w=1152&amp;ssl=1 1152w, https:\/\/i0.wp.com\/tecamacho.com\/wp-content\/uploads\/2020\/06\/93991557_848628885630082_1607263610696892416_o.jpg?resize=300%2C225&amp;ssl=1 300w, https:\/\/i0.wp.com\/tecamacho.com\/wp-content\/uploads\/2020\/06\/93991557_848628885630082_1607263610696892416_o.jpg?resize=1024%2C768&amp;ssl=1 1024w, https:\/\/i0.wp.com\/tecamacho.com\/wp-content\/uploads\/2020\/06\/93991557_848628885630082_1607263610696892416_o.jpg?resize=768%2C576&amp;ssl=1 768w\" sizes=\"(max-width: 768px) 100vw, 768px\" \/>\t\t\t\t\t\t\t\t\t\t\t\t\t\t\t<\/div>\n\t\t\t\t<\/div>\n\t\t\t\t\t<\/div>\n\t\t<\/div>\n\t\t\t\t<div class=\"elementor-column elementor-col-50 elementor-top-column elementor-element elementor-element-e49c911\" data-id=\"e49c911\" data-element_type=\"column\" data-e-type=\"column\">\n\t\t\t<div class=\"elementor-widget-wrap elementor-element-populated\">\n\t\t\t\t\t\t<div class=\"elementor-element elementor-element-a37f981 elementor-widget elementor-widget-heading\" data-id=\"a37f981\" data-element_type=\"widget\" data-e-type=\"widget\" data-widget_type=\"heading.default\">\n\t\t\t\t<div class=\"elementor-widget-container\">\n\t\t\t\t\t<h2 class=\"elementor-heading-title elementor-size-xxl\">Quienes somos <\/h2>\t\t\t\t<\/div>\n\t\t\t\t<\/div>\n\t\t\t\t<div class=\"elementor-element elementor-element-8127040 elementor-widget elementor-widget-text-editor\" data-id=\"8127040\" data-element_type=\"widget\" data-e-type=\"widget\" data-widget_type=\"text-editor.default\">\n\t\t\t\t<div class=\"elementor-widget-container\">\n\t\t\t\t\t\t\t\t\t<p>Somos una empresa dedicada al transporte de carga especializada, con 35 a\u00f1os de experiencia en el ramo del transporte, hemos participado en el progreso del pa\u00eds contribuyendo de forma importante en la transportaci\u00f3n de diversos equipos, ya sea para particulares como para algunas paraestatales.<\/p>\n<p>Transportes Especializados Camacho Naci\u00f3 en el a\u00f1o de 1982 cuando formaba parte de la secci\u00f3n 34 de PEMEX, para la cual estaba construida bajo el nombre de L\u00edneas R\u00e1pidas del Norte S.A. de C.V., &nbsp;dentro del cual transport\u00f3 carga regular y especializada.<\/p>\n<p><br><\/p>\t\t\t\t\t\t\t\t<\/div>\n\t\t\t\t<\/div>\n\t\t\t\t\t<\/div>\n\t\t<\/div>\n\t\t\t\t\t<\/div>\n\t\t<\/section>\n\t\t\t\t<section class=\"elementor-section elementor-top-section elementor-element elementor-element-qod0lr5 elementor-section-stretched elementor-section-boxed elementor-section-height-default elementor-section-height-default\" data-id=\"qod0lr5\" data-element_type=\"section\" data-e-type=\"section\" data-settings=\"{&quot;background_background&quot;:&quot;classic&quot;,&quot;stretch_section&quot;:&quot;section-stretched&quot;}\">\n\t\t\t\t\t\t\t<div class=\"elementor-background-overlay\"><\/div>\n\t\t\t\t\t\t\t<div class=\"elementor-container elementor-column-gap-default\">\n\t\t\t\t\t<div class=\"elementor-column elementor-col-100 elementor-top-column elementor-element elementor-element-077q1uq\" data-id=\"077q1uq\" data-element_type=\"column\" data-e-type=\"column\">\n\t\t\t<div class=\"elementor-widget-wrap elementor-element-populated\">\n\t\t\t\t\t\t<div class=\"elementor-element elementor-element-ua4lgrm elementor-widget elementor-widget-heading\" data-id=\"ua4lgrm\" data-element_type=\"widget\" data-e-type=\"widget\" data-widget_type=\"heading.default\">\n\t\t\t\t<div class=\"elementor-widget-container\">\n\t\t\t\t\t<h2 class=\"elementor-heading-title elementor-size-default\">Algunos de nuestros clientes <\/h2>\t\t\t\t<\/div>\n\t\t\t\t<\/div>\n\t\t\t\t<div class=\"elementor-element elementor-element-jigf8lk elementor-widget-divider--view-line elementor-widget elementor-widget-divider\" data-id=\"jigf8lk\" data-element_type=\"widget\" data-e-type=\"widget\" data-widget_type=\"divider.default\">\n\t\t\t\t<div class=\"elementor-widget-container\">\n\t\t\t\t\t\t\t<div class=\"elementor-divider\">\n\t\t\t<span class=\"elementor-divider-separator\">\n\t\t\t\t\t\t<\/span>\n\t\t<\/div>\n\t\t\t\t\t\t<\/div>\n\t\t\t\t<\/div>\n\t\t\t\t<div class=\"elementor-element elementor-element-5mtb8ja elementor-arrows-position-inside elementor-widget elementor-widget-image-carousel\" data-id=\"5mtb8ja\" data-element_type=\"widget\" data-e-type=\"widget\" data-settings=\"{&quot;slides_to_show&quot;:&quot;1&quot;,&quot;navigation&quot;:&quot;arrows&quot;,&quot;autoplay&quot;:&quot;yes&quot;,&quot;pause_on_hover&quot;:&quot;yes&quot;,&quot;pause_on_interaction&quot;:&quot;yes&quot;,&quot;autoplay_speed&quot;:5000,&quot;infinite&quot;:&quot;yes&quot;,&quot;effect&quot;:&quot;slide&quot;,&quot;speed&quot;:500}\" data-widget_type=\"image-carousel.default\">\n\t\t\t\t<div class=\"elementor-widget-container\">\n\t\t\t\t\t\t\t<div class=\"elementor-image-carousel-wrapper swiper\" role=\"region\" aria-roledescription=\"carousel\" aria-label=\"Carrusel de Im\u00e1genes\" dir=\"ltr\">\n\t\t\t<div class=\"elementor-image-carousel swiper-wrapper\" aria-live=\"off\">\n\t\t\t\t\t\t\t\t<div class=\"swiper-slide\" role=\"group\" aria-roledescription=\"slide\" aria-label=\"1 de 4\"><figure class=\"swiper-slide-inner\"><img decoding=\"async\" class=\"swiper-slide-image\" src=\"https:\/\/i0.wp.com\/tecamacho.com\/wp-content\/uploads\/2020\/06\/1200px-Logo_Petr%C3%B3leos_Mexicanos.svg.png?fit=300%2C177&amp;ssl=1\" alt=\"1200px-Logo_Petr\u00f3leos_Mexicanos.svg\" \/><\/figure><\/div><div class=\"swiper-slide\" role=\"group\" aria-roledescription=\"slide\" aria-label=\"2 de 4\"><figure class=\"swiper-slide-inner\"><img decoding=\"async\" class=\"swiper-slide-image\" src=\"https:\/\/i0.wp.com\/tecamacho.com\/wp-content\/uploads\/2020\/06\/cfe2.jpg?fit=300%2C187&amp;ssl=1\" alt=\"cfe2\" \/><\/figure><\/div><div class=\"swiper-slide\" role=\"group\" aria-roledescription=\"slide\" aria-label=\"3 de 4\"><figure class=\"swiper-slide-inner\"><img decoding=\"async\" class=\"swiper-slide-image\" src=\"https:\/\/i0.wp.com\/tecamacho.com\/wp-content\/uploads\/2020\/06\/cemex-logo.gif?fit=200%2C200&amp;ssl=1\" alt=\"cemex logo\" \/><\/figure><\/div><div class=\"swiper-slide\" role=\"group\" aria-roledescription=\"slide\" aria-label=\"4 de 4\"><figure class=\"swiper-slide-inner\"><img decoding=\"async\" class=\"swiper-slide-image\" src=\"https:\/\/i0.wp.com\/tecamacho.com\/wp-content\/uploads\/2020\/06\/Volvo_Trucks_Logo.png?fit=250%2C250&amp;ssl=1\" alt=\"Volvo_Trucks_Logo\" \/><\/figure><\/div>\t\t\t<\/div>\n\t\t\t\t\t\t\t\t\t\t\t\t<div class=\"elementor-swiper-button elementor-swiper-button-prev\" role=\"button\" tabindex=\"0\">\n\t\t\t\t\t\t<i aria-hidden=\"true\" class=\"eicon-chevron-left\"><\/i>\t\t\t\t\t<\/div>\n\t\t\t\t\t<div class=\"elementor-swiper-button elementor-swiper-button-next\" role=\"button\" tabindex=\"0\">\n\t\t\t\t\t\t<i aria-hidden=\"true\" class=\"eicon-chevron-right\"><\/i>\t\t\t\t\t<\/div>\n\t\t\t\t\n\t\t\t\t\t\t\t\t\t<\/div>\n\t\t\t\t\t\t<\/div>\n\t\t\t\t<\/div>\n\t\t\t\t<div class=\"elementor-element elementor-element-r8gfymh elementor-widget elementor-widget-spacer\" data-id=\"r8gfymh\" data-element_type=\"widget\" data-e-type=\"widget\" data-widget_type=\"spacer.default\">\n\t\t\t\t<div class=\"elementor-widget-container\">\n\t\t\t\t\t\t\t<div class=\"elementor-spacer\">\n\t\t\t<div class=\"elementor-spacer-inner\"><\/div>\n\t\t<\/div>\n\t\t\t\t\t\t<\/div>\n\t\t\t\t<\/div>\n\t\t\t\t<div class=\"elementor-element elementor-element-i7fhzf9 elementor-widget elementor-widget-text-editor\" data-id=\"i7fhzf9\" data-element_type=\"widget\" data-e-type=\"widget\" data-widget_type=\"text-editor.default\">\n\t\t\t\t<div class=\"elementor-widget-container\">\n\t\t\t\t\t\t\t\t\t<p>La amplia experiencia con la que contamos, nos respalda en la preferencia de clientes como, PEMEX,\u00a0 COMISION FEDERAL DE ELECTRICIDAD,\u00a0 COMPA\u00d1\u00cdA DE LUZ Y FUERZA, \u00a0VOLVO, S.A. DE C.V.,\u00a0 CEMEX MEXICO, S.A. DE C.V., INDUSTRIAS IEM, S.A. DE C.V., CONTRATISTAS DE OBRA ELECTROMECANICA, S.A. DE C.V., SOLUZIONA INGENIERIA, S.A. DE C.V.,\u00a0 \u00a0entre muchos otros.<\/p>\t\t\t\t\t\t\t\t<\/div>\n\t\t\t\t<\/div>\n\t\t\t\t<div class=\"elementor-element elementor-element-17o73hd elementor-widget elementor-widget-spacer\" data-id=\"17o73hd\" data-element_type=\"widget\" data-e-type=\"widget\" data-widget_type=\"spacer.default\">\n\t\t\t\t<div class=\"elementor-widget-container\">\n\t\t\t\t\t\t\t<div class=\"elementor-spacer\">\n\t\t\t<div class=\"elementor-spacer-inner\"><\/div>\n\t\t<\/div>\n\t\t\t\t\t\t<\/div>\n\t\t\t\t<\/div>\n\t\t\t\t\t<\/div>\n\t\t<\/div>\n\t\t\t\t\t<\/div>\n\t\t<\/section>\n\t\t\t\t<\/div>\n\t\t","protected":false},"excerpt":{"rendered":"<p>Quienes somos Somos una empresa dedicada al transporte de carga especializada, con 35 a\u00f1os de experiencia en el ramo del transporte, hemos participado en el progreso del pa\u00eds contribuyendo de forma importante en la transportaci\u00f3n de diversos equipos, ya sea para particulares como para algunas paraestatales. Transportes Especializados Camacho Naci\u00f3 en el a\u00f1o de 1982 [&hellip;]<\/p>\n","protected":false},"author":1,"featured_media":0,"parent":0,"menu_order":0,"comment_status":"closed","ping_status":"closed","template":"","meta":{"footnotes":""},"class_list":["post-406","page","type-page","status-publish","hentry","entry"],"yoast_head":"<!-- This site is optimized with the Yoast SEO plugin v27.4 - https:\/\/yoast.com\/product\/yoast-seo-wordpress\/ -->\n<title>Studio - Transportes Especializados Camacho<\/title>\n<meta name=\"robots\" content=\"index, follow, max-snippet:-1, max-image-preview:large, max-video-preview:-1\" \/>\n<link rel=\"canonical\" href=\"https:\/\/tecamacho.com\/index.php\/studio\/\" \/>\n<meta property=\"og:locale\" content=\"es_MX\" \/>\n<meta property=\"og:type\" content=\"article\" \/>\n<meta property=\"og:title\" content=\"Studio - Transportes Especializados Camacho\" \/>\n<meta property=\"og:description\" content=\"Quienes somos Somos una empresa dedicada al transporte de carga especializada, con 35 a\u00f1os de experiencia en el ramo del transporte, hemos participado en el progreso del pa\u00eds contribuyendo de forma importante en la transportaci\u00f3n de diversos equipos, ya sea para particulares como para algunas paraestatales. Transportes Especializados Camacho Naci\u00f3 en el a\u00f1o de 1982 [&hellip;]\" \/>\n<meta property=\"og:url\" content=\"https:\/\/tecamacho.com\/index.php\/studio\/\" \/>\n<meta property=\"og:site_name\" content=\"Transportes Especializados Camacho\" \/>\n<meta property=\"article:modified_time\" content=\"2020-06-20T18:49:49+00:00\" \/>\n<meta property=\"og:image\" content=\"http:\/\/tecamacho.com\/wp-content\/uploads\/2020\/06\/93991557_848628885630082_1607263610696892416_o-768x576.jpg\" \/>\n<meta name=\"twitter:card\" content=\"summary_large_image\" \/>\n<meta name=\"twitter:label1\" content=\"Tiempo de lectura\" \/>\n\t<meta name=\"twitter:data1\" content=\"1 minuto\" \/>\n<script type=\"application\/ld+json\" class=\"yoast-schema-graph\">{\"@context\":\"https:\\\/\\\/schema.org\",\"@graph\":[{\"@type\":\"WebPage\",\"@id\":\"https:\\\/\\\/tecamacho.com\\\/index.php\\\/studio\\\/\",\"url\":\"https:\\\/\\\/tecamacho.com\\\/index.php\\\/studio\\\/\",\"name\":\"Studio - Transportes Especializados Camacho\",\"isPartOf\":{\"@id\":\"https:\\\/\\\/tecamacho.com\\\/#website\"},\"primaryImageOfPage\":{\"@id\":\"https:\\\/\\\/tecamacho.com\\\/index.php\\\/studio\\\/#primaryimage\"},\"image\":{\"@id\":\"https:\\\/\\\/tecamacho.com\\\/index.php\\\/studio\\\/#primaryimage\"},\"thumbnailUrl\":\"http:\\\/\\\/tecamacho.com\\\/wp-content\\\/uploads\\\/2020\\\/06\\\/93991557_848628885630082_1607263610696892416_o-768x576.jpg\",\"datePublished\":\"2016-09-27T09:51:22+00:00\",\"dateModified\":\"2020-06-20T18:49:49+00:00\",\"breadcrumb\":{\"@id\":\"https:\\\/\\\/tecamacho.com\\\/index.php\\\/studio\\\/#breadcrumb\"},\"inLanguage\":\"es\",\"potentialAction\":[{\"@type\":\"ReadAction\",\"target\":[\"https:\\\/\\\/tecamacho.com\\\/index.php\\\/studio\\\/\"]}]},{\"@type\":\"ImageObject\",\"inLanguage\":\"es\",\"@id\":\"https:\\\/\\\/tecamacho.com\\\/index.php\\\/studio\\\/#primaryimage\",\"url\":\"https:\\\/\\\/i0.wp.com\\\/tecamacho.com\\\/wp-content\\\/uploads\\\/2020\\\/06\\\/93991557_848628885630082_1607263610696892416_o.jpg?fit=1152%2C864&ssl=1\",\"contentUrl\":\"https:\\\/\\\/i0.wp.com\\\/tecamacho.com\\\/wp-content\\\/uploads\\\/2020\\\/06\\\/93991557_848628885630082_1607263610696892416_o.jpg?fit=1152%2C864&ssl=1\",\"width\":1152,\"height\":864},{\"@type\":\"BreadcrumbList\",\"@id\":\"https:\\\/\\\/tecamacho.com\\\/index.php\\\/studio\\\/#breadcrumb\",\"itemListElement\":[{\"@type\":\"ListItem\",\"position\":1,\"name\":\"Home\",\"item\":\"https:\\\/\\\/tecamacho.com\\\/\"},{\"@type\":\"ListItem\",\"position\":2,\"name\":\"Studio\"}]},{\"@type\":\"WebSite\",\"@id\":\"https:\\\/\\\/tecamacho.com\\\/#website\",\"url\":\"https:\\\/\\\/tecamacho.com\\\/\",\"name\":\"Transportes Especializados Camacho\",\"description\":\"Transportes Especializados Camacho\",\"publisher\":{\"@id\":\"https:\\\/\\\/tecamacho.com\\\/#organization\"},\"potentialAction\":[{\"@type\":\"SearchAction\",\"target\":{\"@type\":\"EntryPoint\",\"urlTemplate\":\"https:\\\/\\\/tecamacho.com\\\/?s={search_term_string}\"},\"query-input\":{\"@type\":\"PropertyValueSpecification\",\"valueRequired\":true,\"valueName\":\"search_term_string\"}}],\"inLanguage\":\"es\"},{\"@type\":\"Organization\",\"@id\":\"https:\\\/\\\/tecamacho.com\\\/#organization\",\"name\":\"Transportes Especializados Camacho\",\"url\":\"https:\\\/\\\/tecamacho.com\\\/\",\"logo\":{\"@type\":\"ImageObject\",\"inLanguage\":\"es\",\"@id\":\"https:\\\/\\\/tecamacho.com\\\/#\\\/schema\\\/logo\\\/image\\\/\",\"url\":\"https:\\\/\\\/i0.wp.com\\\/tecamacho.com\\\/wp-content\\\/uploads\\\/2023\\\/10\\\/cropped-Logo-2.png?fit=410%2C154&ssl=1\",\"contentUrl\":\"https:\\\/\\\/i0.wp.com\\\/tecamacho.com\\\/wp-content\\\/uploads\\\/2023\\\/10\\\/cropped-Logo-2.png?fit=410%2C154&ssl=1\",\"width\":410,\"height\":154,\"caption\":\"Transportes Especializados Camacho\"},\"image\":{\"@id\":\"https:\\\/\\\/tecamacho.com\\\/#\\\/schema\\\/logo\\\/image\\\/\"}}]}<\/script>\n<!-- \/ Yoast SEO plugin. -->","yoast_head_json":{"title":"Studio - Transportes Especializados Camacho","robots":{"index":"index","follow":"follow","max-snippet":"max-snippet:-1","max-image-preview":"max-image-preview:large","max-video-preview":"max-video-preview:-1"},"canonical":"https:\/\/tecamacho.com\/index.php\/studio\/","og_locale":"es_MX","og_type":"article","og_title":"Studio - Transportes Especializados Camacho","og_description":"Quienes somos Somos una empresa dedicada al transporte de carga especializada, con 35 a\u00f1os de experiencia en el ramo del transporte, hemos participado en el progreso del pa\u00eds contribuyendo de forma importante en la transportaci\u00f3n de diversos equipos, ya sea para particulares como para algunas paraestatales. Transportes Especializados Camacho Naci\u00f3 en el a\u00f1o de 1982 [&hellip;]","og_url":"https:\/\/tecamacho.com\/index.php\/studio\/","og_site_name":"Transportes Especializados Camacho","article_modified_time":"2020-06-20T18:49:49+00:00","og_image":[{"url":"http:\/\/tecamacho.com\/wp-content\/uploads\/2020\/06\/93991557_848628885630082_1607263610696892416_o-768x576.jpg","type":"","width":"","height":""}],"twitter_card":"summary_large_image","twitter_misc":{"Tiempo de lectura":"1 minuto"},"schema":{"@context":"https:\/\/schema.org","@graph":[{"@type":"WebPage","@id":"https:\/\/tecamacho.com\/index.php\/studio\/","url":"https:\/\/tecamacho.com\/index.php\/studio\/","name":"Studio - Transportes Especializados Camacho","isPartOf":{"@id":"https:\/\/tecamacho.com\/#website"},"primaryImageOfPage":{"@id":"https:\/\/tecamacho.com\/index.php\/studio\/#primaryimage"},"image":{"@id":"https:\/\/tecamacho.com\/index.php\/studio\/#primaryimage"},"thumbnailUrl":"http:\/\/tecamacho.com\/wp-content\/uploads\/2020\/06\/93991557_848628885630082_1607263610696892416_o-768x576.jpg","datePublished":"2016-09-27T09:51:22+00:00","dateModified":"2020-06-20T18:49:49+00:00","breadcrumb":{"@id":"https:\/\/tecamacho.com\/index.php\/studio\/#breadcrumb"},"inLanguage":"es","potentialAction":[{"@type":"ReadAction","target":["https:\/\/tecamacho.com\/index.php\/studio\/"]}]},{"@type":"ImageObject","inLanguage":"es","@id":"https:\/\/tecamacho.com\/index.php\/studio\/#primaryimage","url":"https:\/\/i0.wp.com\/tecamacho.com\/wp-content\/uploads\/2020\/06\/93991557_848628885630082_1607263610696892416_o.jpg?fit=1152%2C864&ssl=1","contentUrl":"https:\/\/i0.wp.com\/tecamacho.com\/wp-content\/uploads\/2020\/06\/93991557_848628885630082_1607263610696892416_o.jpg?fit=1152%2C864&ssl=1","width":1152,"height":864},{"@type":"BreadcrumbList","@id":"https:\/\/tecamacho.com\/index.php\/studio\/#breadcrumb","itemListElement":[{"@type":"ListItem","position":1,"name":"Home","item":"https:\/\/tecamacho.com\/"},{"@type":"ListItem","position":2,"name":"Studio"}]},{"@type":"WebSite","@id":"https:\/\/tecamacho.com\/#website","url":"https:\/\/tecamacho.com\/","name":"Transportes Especializados Camacho","description":"Transportes Especializados Camacho","publisher":{"@id":"https:\/\/tecamacho.com\/#organization"},"potentialAction":[{"@type":"SearchAction","target":{"@type":"EntryPoint","urlTemplate":"https:\/\/tecamacho.com\/?s={search_term_string}"},"query-input":{"@type":"PropertyValueSpecification","valueRequired":true,"valueName":"search_term_string"}}],"inLanguage":"es"},{"@type":"Organization","@id":"https:\/\/tecamacho.com\/#organization","name":"Transportes Especializados Camacho","url":"https:\/\/tecamacho.com\/","logo":{"@type":"ImageObject","inLanguage":"es","@id":"https:\/\/tecamacho.com\/#\/schema\/logo\/image\/","url":"https:\/\/i0.wp.com\/tecamacho.com\/wp-content\/uploads\/2023\/10\/cropped-Logo-2.png?fit=410%2C154&ssl=1","contentUrl":"https:\/\/i0.wp.com\/tecamacho.com\/wp-content\/uploads\/2023\/10\/cropped-Logo-2.png?fit=410%2C154&ssl=1","width":410,"height":154,"caption":"Transportes Especializados Camacho"},"image":{"@id":"https:\/\/tecamacho.com\/#\/schema\/logo\/image\/"}}]}},"jetpack_sharing_enabled":true,"_links":{"self":[{"href":"https:\/\/tecamacho.com\/index.php\/wp-json\/wp\/v2\/pages\/406","targetHints":{"allow":["GET"]}}],"collection":[{"href":"https:\/\/tecamacho.com\/index.php\/wp-json\/wp\/v2\/pages"}],"about":[{"href":"https:\/\/tecamacho.com\/index.php\/wp-json\/wp\/v2\/types\/page"}],"author":[{"embeddable":true,"href":"https:\/\/tecamacho.com\/index.php\/wp-json\/wp\/v2\/users\/1"}],"replies":[{"embeddable":true,"href":"https:\/\/tecamacho.com\/index.php\/wp-json\/wp\/v2\/comments?post=406"}],"version-history":[{"count":13,"href":"https:\/\/tecamacho.com\/index.php\/wp-json\/wp\/v2\/pages\/406\/revisions"}],"predecessor-version":[{"id":929,"href":"https:\/\/tecamacho.com\/index.php\/wp-json\/wp\/v2\/pages\/406\/revisions\/929"}],"wp:attachment":[{"href":"https:\/\/tecamacho.com\/index.php\/wp-json\/wp\/v2\/media?parent=406"}],"curies":[{"name":"wp","href":"https:\/\/api.w.org\/{rel}","templated":true}]}}