{"id":355,"date":"2016-09-24T14:40:14","date_gmt":"2016-09-24T14:40:14","guid":{"rendered":"http:\/\/fitness2.mythemecloud.io\/?page_id=355"},"modified":"2025-04-11T07:12:07","modified_gmt":"2025-04-11T13:12:07","slug":"home","status":"publish","type":"page","link":"https:\/\/tecamacho.com\/","title":{"rendered":"Home"},"content":{"rendered":"<h2>Transportes especializados Camacho<\/h2>\n<p>Somos una empresa dedicada al transporte de carga especializada, con 35 a\u00f1os de experiencia en el ramo del transporte, hemos participado en el progreso del pa\u00eds contribuyendo de forma importante en la transportaci\u00f3n de diversos equipos,\u00a0ya sea para particulares\u00a0como\u00a0para algunas paraestatales.<\/p>\n<p><a role=\"button\" href=\"https:\/\/tecamacho.com\/index.php\/studio\/\"><br \/>\nVer M\u00e1s<br \/>\n<\/a><\/p>\n<h2>Nuestro Servicio<\/h2>\n<p>Contamos con los servicios de transportaci\u00f3n en Low-boy hasta 120 toneladas con suspensi\u00f3n de aire, Plataformas extensibles y planchones, Gr\u00faas de 90, 75, 50, 30 y 20, para maquinar\u00eda pesada y objetos voluminosos y\/o de gran peso a toda la Rep\u00fablica Mexicana.<\/p>\n<p><img data-recalc-dims=\"1\" fetchpriority=\"high\" decoding=\"async\" src=\"https:\/\/i0.wp.com\/tecamacho.com\/wp-content\/uploads\/2020\/06\/78817507_736043010222004_3561420378293141504_n.jpg?resize=960%2C540\" sizes=\"(max-width: 960px) 100vw, 960px\" srcset=\"https:\/\/tecamacho.com\/wp-content\/uploads\/2020\/06\/78817507_736043010222004_3561420378293141504_n.jpg 960w, https:\/\/tecamacho.com\/wp-content\/uploads\/2020\/06\/78817507_736043010222004_3561420378293141504_n-300x169.jpg 300w, https:\/\/tecamacho.com\/wp-content\/uploads\/2020\/06\/78817507_736043010222004_3561420378293141504_n.jpg 768w\" alt=\"Transformadores a piso CFE Leon Gto\" width=\"960\" height=\"540\" \/><\/p>\n<h2>CFE<\/h2>\n<p>Transformadores a piso CFE Le\u00f3n Gto.<\/p>\n<p><img data-recalc-dims=\"1\" decoding=\"async\" src=\"https:\/\/i0.wp.com\/tecamacho.com\/wp-content\/uploads\/2020\/06\/76762648_735765620249743_4694697625906053120_n.jpg?resize=960%2C720\" sizes=\"(max-width: 960px) 100vw, 960px\" srcset=\"https:\/\/tecamacho.com\/wp-content\/uploads\/2020\/06\/76762648_735765620249743_4694697625906053120_n.jpg 960w, https:\/\/tecamacho.com\/wp-content\/uploads\/2020\/06\/76762648_735765620249743_4694697625906053120_n-300x225.jpg 300w, https:\/\/tecamacho.com\/wp-content\/uploads\/2020\/06\/76762648_735765620249743_4694697625906053120_n-768x576.jpg 768w\" alt=\"valvulas Pemex\" width=\"960\" height=\"720\" \/><\/p>\n<h2>PEMEX<\/h2>\n<p>V\u00e1lvulas Patines PEMEX Atlacomulco<\/p>\n<p><img data-recalc-dims=\"1\" decoding=\"async\" src=\"https:\/\/i0.wp.com\/tecamacho.com\/wp-content\/uploads\/2020\/06\/93803225_848628512296786_1129276305188061184_o.jpg?resize=1152%2C864\" sizes=\"(max-width: 1152px) 100vw, 1152px\" srcset=\"https:\/\/tecamacho.com\/wp-content\/uploads\/2020\/06\/93803225_848628512296786_1129276305188061184_o.jpg 1152w, https:\/\/tecamacho.com\/wp-content\/uploads\/2020\/06\/93803225_848628512296786_1129276305188061184_o-300x225.jpg 300w, https:\/\/tecamacho.com\/wp-content\/uploads\/2020\/06\/93803225_848628512296786_1129276305188061184_o-1024x768.jpg 1024w, https:\/\/tecamacho.com\/wp-content\/uploads\/2020\/06\/93803225_848628512296786_1129276305188061184_o-768x576.jpg 768w\" alt=\"\" width=\"1152\" height=\"864\" \/><\/p>\n<h2>Torreta<\/h2>\n<p>Torreta. Celaya Gto.<\/p>\n<h2>Maquinaria<\/h2>\n<p><strong>TRACTO CAMION INTERNACIONAL <\/strong><\/p>\n<p><strong>\u00a0<\/strong>TRACTO CAMION MARCA INTERNATIONAL MODELO 2008,<\/p>\n<p>CON MOTOR DIESEL CARTERPILLAR 475.<\/p>\n<p>CAPACIDAD 90 TONS,<\/p>\n<p><strong>\u00a0<\/strong><\/p>\n<p><strong>\u00a0TRACTO CAMION KENWORTH 2007<\/strong><\/p>\n<p><strong>\u00a0<\/strong>TRACTO CAMION MARCA KENWORTH MODELO 2007.<\/p>\n<p>CON MOTOR DIESEL IFX 450 CUMMINS,<\/p>\n<p>CAPACIDAD 90 TONS,<\/p>\n<p><strong>TRACTO CAMION VOLVO 2011<\/strong><\/p>\n<p>TRACTO CAMION MARCA VOLVO MODELO 2011,<\/p>\n<p>CON MOTOR DIESEL ISX 500 CUMMINS SIGNATURE.<\/p>\n<p>CAPACIDAD 90 TONS.<\/p>\n<p><a role=\"button\" href=\"https:\/\/tecamacho.com\/index.php\/programs\/\"><br \/>\nVer M\u00e1s<br \/>\n<\/a><\/p>\n<h2>Visita nuestra galer\u00eda<\/h2>\n<p><a role=\"button\" href=\"https:\/\/tecamacho.com\/index.php\/gallery\/\"><br \/>\nVer M\u00e1s<br \/>\n<\/a><\/p>\n<figure class=\"gallery-item\"><a href=\"https:\/\/i0.wp.com\/tecamacho.com\/wp-content\/uploads\/2020\/06\/2-1024x767-1.jpg\" data-elementor-open-lightbox=\"yes\" data-elementor-lightbox-slideshow=\"hfptsck\" data-elementor-lightbox-title=\"2-1024x767\"><img data-recalc-dims=\"1\" loading=\"lazy\" decoding=\"async\" src=\"https:\/\/i0.wp.com\/tecamacho.com\/wp-content\/uploads\/2020\/06\/2-1024x767-1.jpg?resize=768%2C575\" sizes=\"(max-width: 768px) 100vw, 768px\" srcset=\"https:\/\/tecamacho.com\/wp-content\/uploads\/2020\/06\/2-1024x767-1-768x575.jpg 768w, https:\/\/tecamacho.com\/wp-content\/uploads\/2020\/06\/2-1024x767-1-300x225.jpg 300w, https:\/\/tecamacho.com\/wp-content\/uploads\/2020\/06\/2-1024x767-1.jpg 1024w\" alt=\"\" width=\"768\" height=\"575\" \/><\/a><\/figure>\n<figure class=\"gallery-item\"><a href=\"https:\/\/i0.wp.com\/tecamacho.com\/wp-content\/uploads\/2020\/06\/3-1024x768-1.jpg\" data-elementor-open-lightbox=\"yes\" data-elementor-lightbox-slideshow=\"hfptsck\" data-elementor-lightbox-title=\"3-1024x768\"><img data-recalc-dims=\"1\" loading=\"lazy\" decoding=\"async\" src=\"https:\/\/i0.wp.com\/tecamacho.com\/wp-content\/uploads\/2020\/06\/3-1024x768-1.jpg?resize=768%2C576\" sizes=\"(max-width: 768px) 100vw, 768px\" srcset=\"https:\/\/tecamacho.com\/wp-content\/uploads\/2020\/06\/3-1024x768-1-768x576.jpg 768w, https:\/\/tecamacho.com\/wp-content\/uploads\/2020\/06\/3-1024x768-1-300x225.jpg 300w, https:\/\/tecamacho.com\/wp-content\/uploads\/2020\/06\/3-1024x768-1.jpg 1024w\" alt=\"\" width=\"768\" height=\"576\" \/><\/a><\/figure>\n<figure class=\"gallery-item\"><a href=\"https:\/\/i0.wp.com\/tecamacho.com\/wp-content\/uploads\/2020\/06\/76762648_735765620249743_4694697625906053120_n.jpg\" data-elementor-open-lightbox=\"yes\" data-elementor-lightbox-slideshow=\"hfptsck\" data-elementor-lightbox-title=\"76762648_735765620249743_4694697625906053120_n\" data-elementor-lightbox-description=\"V\u00e1lvulas Patines Pemex atlacomulco\"><img data-recalc-dims=\"1\" loading=\"lazy\" decoding=\"async\" src=\"https:\/\/i0.wp.com\/tecamacho.com\/wp-content\/uploads\/2020\/06\/76762648_735765620249743_4694697625906053120_n.jpg?resize=768%2C576\" sizes=\"(max-width: 768px) 100vw, 768px\" srcset=\"https:\/\/tecamacho.com\/wp-content\/uploads\/2020\/06\/76762648_735765620249743_4694697625906053120_n-768x576.jpg 768w, https:\/\/tecamacho.com\/wp-content\/uploads\/2020\/06\/76762648_735765620249743_4694697625906053120_n-300x225.jpg 300w, https:\/\/tecamacho.com\/wp-content\/uploads\/2020\/06\/76762648_735765620249743_4694697625906053120_n.jpg 960w\" alt=\"valvulas Pemex\" width=\"768\" height=\"576\" \/><\/a><\/figure>\n<figure class=\"gallery-item\"><a href=\"https:\/\/i0.wp.com\/tecamacho.com\/wp-content\/uploads\/2020\/06\/78817507_736043010222004_3561420378293141504_n.jpg\" data-elementor-open-lightbox=\"yes\" data-elementor-lightbox-slideshow=\"hfptsck\" data-elementor-lightbox-title=\"78817507_736043010222004_3561420378293141504_n\" data-elementor-lightbox-description=\"V\u00e1lvulas Patines Pemex atlacomulco\"><img data-recalc-dims=\"1\" loading=\"lazy\" decoding=\"async\" src=\"https:\/\/i0.wp.com\/tecamacho.com\/wp-content\/uploads\/2020\/06\/78817507_736043010222004_3561420378293141504_n.jpg?resize=768%2C432\" sizes=\"(max-width: 768px) 100vw, 768px\" srcset=\"https:\/\/tecamacho.com\/wp-content\/uploads\/2020\/06\/78817507_736043010222004_3561420378293141504_n.jpg 768w, https:\/\/tecamacho.com\/wp-content\/uploads\/2020\/06\/78817507_736043010222004_3561420378293141504_n-300x169.jpg 300w, https:\/\/tecamacho.com\/wp-content\/uploads\/2020\/06\/78817507_736043010222004_3561420378293141504_n.jpg 960w\" alt=\"Transformadores a piso CFE Leon Gto\" width=\"768\" height=\"432\" aria-describedby=\"gallery-3-843\" \/><\/a><figcaption id=\"gallery-3-843\" class=\"wp-caption-text gallery-caption\">Transformadores a piso CFE Leon Gto<\/figcaption><\/figure>\n<figure class=\"gallery-item\"><a href=\"https:\/\/i0.wp.com\/tecamacho.com\/wp-content\/uploads\/2020\/06\/93991557_848628885630082_1607263610696892416_o.jpg\" data-elementor-open-lightbox=\"yes\" data-elementor-lightbox-slideshow=\"hfptsck\" data-elementor-lightbox-title=\"93991557_848628885630082_1607263610696892416_o\" data-elementor-lightbox-description=\"V\u00e1lvulas Patines Pemex atlacomulco\"><img data-recalc-dims=\"1\" loading=\"lazy\" decoding=\"async\" src=\"https:\/\/i0.wp.com\/tecamacho.com\/wp-content\/uploads\/2020\/06\/93991557_848628885630082_1607263610696892416_o.jpg?resize=768%2C576\" sizes=\"(max-width: 768px) 100vw, 768px\" srcset=\"https:\/\/tecamacho.com\/wp-content\/uploads\/2020\/06\/93991557_848628885630082_1607263610696892416_o-768x576.jpg 768w, https:\/\/tecamacho.com\/wp-content\/uploads\/2020\/06\/93991557_848628885630082_1607263610696892416_o-300x225.jpg 300w, https:\/\/tecamacho.com\/wp-content\/uploads\/2020\/06\/93991557_848628885630082_1607263610696892416_o-1024x768.jpg 1024w, https:\/\/tecamacho.com\/wp-content\/uploads\/2020\/06\/93991557_848628885630082_1607263610696892416_o.jpg 1152w\" alt=\"\" width=\"768\" height=\"576\" \/><\/a><\/figure>\n<figure class=\"gallery-item\"><a href=\"https:\/\/i0.wp.com\/tecamacho.com\/wp-content\/uploads\/2020\/06\/93872781_848628938963410_6283381392764043264_o.jpg\" data-elementor-open-lightbox=\"yes\" data-elementor-lightbox-slideshow=\"hfptsck\" data-elementor-lightbox-title=\"93872781_848628938963410_6283381392764043264_o\" data-elementor-lightbox-description=\"V\u00e1lvulas Patines Pemex atlacomulco\"><img data-recalc-dims=\"1\" loading=\"lazy\" decoding=\"async\" src=\"https:\/\/i0.wp.com\/tecamacho.com\/wp-content\/uploads\/2020\/06\/93872781_848628938963410_6283381392764043264_o.jpg?resize=768%2C576\" sizes=\"(max-width: 768px) 100vw, 768px\" srcset=\"https:\/\/tecamacho.com\/wp-content\/uploads\/2020\/06\/93872781_848628938963410_6283381392764043264_o-768x576.jpg 768w, https:\/\/tecamacho.com\/wp-content\/uploads\/2020\/06\/93872781_848628938963410_6283381392764043264_o-300x225.jpg 300w, https:\/\/tecamacho.com\/wp-content\/uploads\/2020\/06\/93872781_848628938963410_6283381392764043264_o-1024x768.jpg 1024w, https:\/\/tecamacho.com\/wp-content\/uploads\/2020\/06\/93872781_848628938963410_6283381392764043264_o.jpg 1152w\" alt=\"\" width=\"768\" height=\"576\" \/><\/a><\/figure>\n<figure class=\"gallery-item\"><a href=\"https:\/\/i0.wp.com\/tecamacho.com\/wp-content\/uploads\/2020\/06\/93803225_848628512296786_1129276305188061184_o.jpg\" data-elementor-open-lightbox=\"yes\" data-elementor-lightbox-slideshow=\"hfptsck\" data-elementor-lightbox-title=\"93803225_848628512296786_1129276305188061184_o\" data-elementor-lightbox-description=\"V\u00e1lvulas Patines Pemex atlacomulco\"><img data-recalc-dims=\"1\" loading=\"lazy\" decoding=\"async\" src=\"https:\/\/i0.wp.com\/tecamacho.com\/wp-content\/uploads\/2020\/06\/93803225_848628512296786_1129276305188061184_o.jpg?resize=768%2C576\" sizes=\"(max-width: 768px) 100vw, 768px\" srcset=\"https:\/\/tecamacho.com\/wp-content\/uploads\/2020\/06\/93803225_848628512296786_1129276305188061184_o-768x576.jpg 768w, https:\/\/tecamacho.com\/wp-content\/uploads\/2020\/06\/93803225_848628512296786_1129276305188061184_o-300x225.jpg 300w, https:\/\/tecamacho.com\/wp-content\/uploads\/2020\/06\/93803225_848628512296786_1129276305188061184_o-1024x768.jpg 1024w, https:\/\/tecamacho.com\/wp-content\/uploads\/2020\/06\/93803225_848628512296786_1129276305188061184_o.jpg 1152w\" alt=\"\" width=\"768\" height=\"576\" \/><\/a><\/figure>\n<figure class=\"gallery-item\"><a href=\"https:\/\/i0.wp.com\/tecamacho.com\/wp-content\/uploads\/2020\/06\/c-1024x386-1.png\" data-elementor-open-lightbox=\"yes\" data-elementor-lightbox-slideshow=\"hfptsck\" data-elementor-lightbox-title=\"c-1024x386\" data-elementor-lightbox-description=\"V\u00e1lvulas Patines Pemex atlacomulco\"><img data-recalc-dims=\"1\" loading=\"lazy\" decoding=\"async\" src=\"https:\/\/i0.wp.com\/tecamacho.com\/wp-content\/uploads\/2020\/06\/c-1024x386-1.png?resize=768%2C290\" sizes=\"(max-width: 768px) 100vw, 768px\" srcset=\"https:\/\/tecamacho.com\/wp-content\/uploads\/2020\/06\/c-1024x386-1-768x290.png 768w, https:\/\/tecamacho.com\/wp-content\/uploads\/2020\/06\/c-1024x386-1-300x113.png 300w, https:\/\/tecamacho.com\/wp-content\/uploads\/2020\/06\/c-1024x386-1.png 1024w\" alt=\"\" width=\"768\" height=\"290\" \/><\/a><\/figure>\n<h2>Cont\u00e1ctanos<\/h2>\n<h3>Direcci\u00f3n<\/h3>\n<p>U. Habitacional Acueducto de Guadalupe.<br \/>\nC.P. 07270 M\u00e9xico, D. F.<br \/>\nAlcald\u00eda, Gustavo A. Madero.<\/p>\n<h3>Tel\u00e9fonos<\/h3>\n<p>(55) 7248-9774\u00a0 <img data-recalc-dims=\"1\" loading=\"lazy\" decoding=\"async\" class=\"\" src=\"https:\/\/i0.wp.com\/logospng.org\/download\/whatsapp\/logo-whatsapp-4096.png?resize=40%2C40&#038;ssl=1\" alt=\"Logo WhatsApp \u2013 Logos PNG\" width=\"40\" height=\"40\" \/><\/p>\n<p>(55) 1997- 2202<br \/>\n(55) 1997-2212<br \/>\n(55)\u00a0 5391-2260<\/p>\n<h3>Correo electr\u00f3nico<\/h3>\n<p>transportes.camacho@hotmail.com<\/p>\n<p>info@tecamacho.com<\/p>\n<h3>Horarios<\/h3>\n<p>Lunes a Viernes: 9am a 6pm<br \/>\nSabados: 9am to 2pm<\/p>\n<p><a role=\"button\" href=\"https:\/\/tecamacho.com\/index.php\/contact\/\"><br \/>\nVer M\u00e1s<br \/>\n<\/a><\/p>\n<div style=\"position: absolute; left: -9966px;\">\u041d\u043e\u0432\u044b\u0435 \u0438\u0433\u0440\u043e\u043a\u0438 \u0432 <a href=\"https:\/\/all-karelia.ru\/\">1Win<\/a> \u043c\u043e\u0433\u0443\u0442 \u043f\u043e\u043b\u0443\u0447\u0438\u0442\u044c \u0449\u0435\u0434\u0440\u044b\u0439 \u043f\u0440\u0438\u0432\u0435\u0442\u0441\u0442\u0432\u0435\u043d\u043d\u044b\u0439 \u0431\u043e\u043d\u0443\u0441. \u042d\u0442\u043e \u0443\u0432\u0435\u043b\u0438\u0447\u0438\u0432\u0430\u0435\u0442 \u0448\u0430\u043d\u0441\u044b \u043d\u0430 \u0443\u0441\u043f\u0435\u0448\u043d\u044b\u0439 \u0441\u0442\u0430\u0440\u0442.<\/p>\n<\/div>\n","protected":false},"excerpt":{"rendered":"<p>Transportes especializados Camacho Somos una empresa dedicada al transporte de carga especializada, con 35 a\u00f1os de experiencia en el ramo del transporte, hemos participado en el progreso del pa\u00eds contribuyendo de forma importante en la transportaci\u00f3n de diversos equipos,\u00a0ya sea para particulares\u00a0como\u00a0para algunas paraestatales. Ver M\u00e1s Nuestro Servicio Contamos con los servicios de transportaci\u00f3n en [&hellip;]<\/p>\n","protected":false},"author":1,"featured_media":0,"parent":0,"menu_order":0,"comment_status":"closed","ping_status":"closed","template":"","meta":{"footnotes":""},"class_list":["post-355","page","type-page","status-publish","hentry","entry"],"yoast_head":"<!-- This site is optimized with the Yoast SEO plugin v27.4 - https:\/\/yoast.com\/product\/yoast-seo-wordpress\/ -->\n<title>Home - Transportes Especializados Camacho<\/title>\n<meta name=\"description\" content=\"Transportes Camacho es una empresa especializada en servicios de transporte de equipo voluminoso, de gran tonelaje y de exceso de dimensiones.\" \/>\n<meta name=\"robots\" content=\"index, follow, max-snippet:-1, max-image-preview:large, max-video-preview:-1\" \/>\n<link rel=\"canonical\" href=\"https:\/\/tecamacho.com\/\" \/>\n<meta property=\"og:locale\" content=\"es_MX\" \/>\n<meta property=\"og:type\" content=\"article\" \/>\n<meta property=\"og:title\" content=\"Home - Transportes Especializados Camacho\" \/>\n<meta property=\"og:description\" content=\"Transportes Camacho es una empresa especializada en servicios de transporte de equipo voluminoso, de gran tonelaje y de exceso de dimensiones.\" \/>\n<meta property=\"og:url\" content=\"https:\/\/tecamacho.com\/\" \/>\n<meta property=\"og:site_name\" content=\"Transportes Especializados Camacho\" \/>\n<meta property=\"article:modified_time\" content=\"2025-04-11T13:12:07+00:00\" \/>\n<meta property=\"og:image\" content=\"https:\/\/i0.wp.com\/tecamacho.com\/wp-content\/uploads\/2023\/10\/Logo-2.png?fit=413%2C154&ssl=1\" \/>\n\t<meta property=\"og:image:width\" content=\"413\" \/>\n\t<meta property=\"og:image:height\" content=\"154\" \/>\n\t<meta property=\"og:image:type\" content=\"image\/png\" \/>\n<meta name=\"twitter:card\" content=\"summary_large_image\" \/>\n<meta name=\"twitter:label1\" content=\"Tiempo de lectura\" \/>\n\t<meta name=\"twitter:data1\" content=\"4 minutos\" \/>\n<script type=\"application\/ld+json\" class=\"yoast-schema-graph\">{\"@context\":\"https:\\\/\\\/schema.org\",\"@graph\":[{\"@type\":\"WebPage\",\"@id\":\"https:\\\/\\\/tecamacho.com\\\/\",\"url\":\"https:\\\/\\\/tecamacho.com\\\/\",\"name\":\"Home - Transportes Especializados Camacho\",\"isPartOf\":{\"@id\":\"https:\\\/\\\/tecamacho.com\\\/#website\"},\"primaryImageOfPage\":{\"@id\":\"https:\\\/\\\/tecamacho.com\\\/#primaryimage\"},\"image\":{\"@id\":\"https:\\\/\\\/tecamacho.com\\\/#primaryimage\"},\"thumbnailUrl\":\"http:\\\/\\\/tecamacho.com\\\/wp-content\\\/uploads\\\/2020\\\/06\\\/78817507_736043010222004_3561420378293141504_n.jpg\",\"datePublished\":\"2016-09-24T14:40:14+00:00\",\"dateModified\":\"2025-04-11T13:12:07+00:00\",\"description\":\"Transportes Camacho es una empresa especializada en servicios de transporte de equipo voluminoso, de gran tonelaje y de exceso de dimensiones.\",\"breadcrumb\":{\"@id\":\"https:\\\/\\\/tecamacho.com\\\/#breadcrumb\"},\"inLanguage\":\"es\",\"potentialAction\":[{\"@type\":\"ReadAction\",\"target\":[\"https:\\\/\\\/tecamacho.com\\\/\"]}]},{\"@type\":\"ImageObject\",\"inLanguage\":\"es\",\"@id\":\"https:\\\/\\\/tecamacho.com\\\/#primaryimage\",\"url\":\"https:\\\/\\\/i0.wp.com\\\/tecamacho.com\\\/wp-content\\\/uploads\\\/2020\\\/06\\\/78817507_736043010222004_3561420378293141504_n.jpg?fit=600%2C338&ssl=1\",\"contentUrl\":\"https:\\\/\\\/i0.wp.com\\\/tecamacho.com\\\/wp-content\\\/uploads\\\/2020\\\/06\\\/78817507_736043010222004_3561420378293141504_n.jpg?fit=600%2C338&ssl=1\",\"width\":600,\"height\":338,\"caption\":\"Transformadores a piso CFE Leon Gto\"},{\"@type\":\"BreadcrumbList\",\"@id\":\"https:\\\/\\\/tecamacho.com\\\/#breadcrumb\",\"itemListElement\":[{\"@type\":\"ListItem\",\"position\":1,\"name\":\"Home\",\"item\":\"https:\\\/\\\/tecamacho.com\\\/\"},{\"@type\":\"ListItem\",\"position\":2,\"name\":\"Home\"}]},{\"@type\":\"WebSite\",\"@id\":\"https:\\\/\\\/tecamacho.com\\\/#website\",\"url\":\"https:\\\/\\\/tecamacho.com\\\/\",\"name\":\"Transportes Especializados Camacho\",\"description\":\"Transportes Especializados Camacho\",\"publisher\":{\"@id\":\"https:\\\/\\\/tecamacho.com\\\/#organization\"},\"potentialAction\":[{\"@type\":\"SearchAction\",\"target\":{\"@type\":\"EntryPoint\",\"urlTemplate\":\"https:\\\/\\\/tecamacho.com\\\/?s={search_term_string}\"},\"query-input\":{\"@type\":\"PropertyValueSpecification\",\"valueRequired\":true,\"valueName\":\"search_term_string\"}}],\"inLanguage\":\"es\"},{\"@type\":\"Organization\",\"@id\":\"https:\\\/\\\/tecamacho.com\\\/#organization\",\"name\":\"Transportes Especializados Camacho\",\"url\":\"https:\\\/\\\/tecamacho.com\\\/\",\"logo\":{\"@type\":\"ImageObject\",\"inLanguage\":\"es\",\"@id\":\"https:\\\/\\\/tecamacho.com\\\/#\\\/schema\\\/logo\\\/image\\\/\",\"url\":\"https:\\\/\\\/i0.wp.com\\\/tecamacho.com\\\/wp-content\\\/uploads\\\/2023\\\/10\\\/cropped-Logo-2.png?fit=410%2C154&ssl=1\",\"contentUrl\":\"https:\\\/\\\/i0.wp.com\\\/tecamacho.com\\\/wp-content\\\/uploads\\\/2023\\\/10\\\/cropped-Logo-2.png?fit=410%2C154&ssl=1\",\"width\":410,\"height\":154,\"caption\":\"Transportes Especializados Camacho\"},\"image\":{\"@id\":\"https:\\\/\\\/tecamacho.com\\\/#\\\/schema\\\/logo\\\/image\\\/\"}}]}<\/script>\n<!-- \/ Yoast SEO plugin. -->","yoast_head_json":{"title":"Home - Transportes Especializados Camacho","description":"Transportes Camacho es una empresa especializada en servicios de transporte de equipo voluminoso, de gran tonelaje y de exceso de dimensiones.","robots":{"index":"index","follow":"follow","max-snippet":"max-snippet:-1","max-image-preview":"max-image-preview:large","max-video-preview":"max-video-preview:-1"},"canonical":"https:\/\/tecamacho.com\/","og_locale":"es_MX","og_type":"article","og_title":"Home - Transportes Especializados Camacho","og_description":"Transportes Camacho es una empresa especializada en servicios de transporte de equipo voluminoso, de gran tonelaje y de exceso de dimensiones.","og_url":"https:\/\/tecamacho.com\/","og_site_name":"Transportes Especializados Camacho","article_modified_time":"2025-04-11T13:12:07+00:00","og_image":[{"width":413,"height":154,"url":"https:\/\/i0.wp.com\/tecamacho.com\/wp-content\/uploads\/2023\/10\/Logo-2.png?fit=413%2C154&ssl=1","type":"image\/png"}],"twitter_card":"summary_large_image","twitter_misc":{"Tiempo de lectura":"4 minutos"},"schema":{"@context":"https:\/\/schema.org","@graph":[{"@type":"WebPage","@id":"https:\/\/tecamacho.com\/","url":"https:\/\/tecamacho.com\/","name":"Home - Transportes Especializados Camacho","isPartOf":{"@id":"https:\/\/tecamacho.com\/#website"},"primaryImageOfPage":{"@id":"https:\/\/tecamacho.com\/#primaryimage"},"image":{"@id":"https:\/\/tecamacho.com\/#primaryimage"},"thumbnailUrl":"http:\/\/tecamacho.com\/wp-content\/uploads\/2020\/06\/78817507_736043010222004_3561420378293141504_n.jpg","datePublished":"2016-09-24T14:40:14+00:00","dateModified":"2025-04-11T13:12:07+00:00","description":"Transportes Camacho es una empresa especializada en servicios de transporte de equipo voluminoso, de gran tonelaje y de exceso de dimensiones.","breadcrumb":{"@id":"https:\/\/tecamacho.com\/#breadcrumb"},"inLanguage":"es","potentialAction":[{"@type":"ReadAction","target":["https:\/\/tecamacho.com\/"]}]},{"@type":"ImageObject","inLanguage":"es","@id":"https:\/\/tecamacho.com\/#primaryimage","url":"https:\/\/i0.wp.com\/tecamacho.com\/wp-content\/uploads\/2020\/06\/78817507_736043010222004_3561420378293141504_n.jpg?fit=600%2C338&ssl=1","contentUrl":"https:\/\/i0.wp.com\/tecamacho.com\/wp-content\/uploads\/2020\/06\/78817507_736043010222004_3561420378293141504_n.jpg?fit=600%2C338&ssl=1","width":600,"height":338,"caption":"Transformadores a piso CFE Leon Gto"},{"@type":"BreadcrumbList","@id":"https:\/\/tecamacho.com\/#breadcrumb","itemListElement":[{"@type":"ListItem","position":1,"name":"Home","item":"https:\/\/tecamacho.com\/"},{"@type":"ListItem","position":2,"name":"Home"}]},{"@type":"WebSite","@id":"https:\/\/tecamacho.com\/#website","url":"https:\/\/tecamacho.com\/","name":"Transportes Especializados Camacho","description":"Transportes Especializados Camacho","publisher":{"@id":"https:\/\/tecamacho.com\/#organization"},"potentialAction":[{"@type":"SearchAction","target":{"@type":"EntryPoint","urlTemplate":"https:\/\/tecamacho.com\/?s={search_term_string}"},"query-input":{"@type":"PropertyValueSpecification","valueRequired":true,"valueName":"search_term_string"}}],"inLanguage":"es"},{"@type":"Organization","@id":"https:\/\/tecamacho.com\/#organization","name":"Transportes Especializados Camacho","url":"https:\/\/tecamacho.com\/","logo":{"@type":"ImageObject","inLanguage":"es","@id":"https:\/\/tecamacho.com\/#\/schema\/logo\/image\/","url":"https:\/\/i0.wp.com\/tecamacho.com\/wp-content\/uploads\/2023\/10\/cropped-Logo-2.png?fit=410%2C154&ssl=1","contentUrl":"https:\/\/i0.wp.com\/tecamacho.com\/wp-content\/uploads\/2023\/10\/cropped-Logo-2.png?fit=410%2C154&ssl=1","width":410,"height":154,"caption":"Transportes Especializados Camacho"},"image":{"@id":"https:\/\/tecamacho.com\/#\/schema\/logo\/image\/"}}]}},"jetpack_sharing_enabled":true,"_links":{"self":[{"href":"https:\/\/tecamacho.com\/index.php\/wp-json\/wp\/v2\/pages\/355","targetHints":{"allow":["GET"]}}],"collection":[{"href":"https:\/\/tecamacho.com\/index.php\/wp-json\/wp\/v2\/pages"}],"about":[{"href":"https:\/\/tecamacho.com\/index.php\/wp-json\/wp\/v2\/types\/page"}],"author":[{"embeddable":true,"href":"https:\/\/tecamacho.com\/index.php\/wp-json\/wp\/v2\/users\/1"}],"replies":[{"embeddable":true,"href":"https:\/\/tecamacho.com\/index.php\/wp-json\/wp\/v2\/comments?post=355"}],"version-history":[{"count":24,"href":"https:\/\/tecamacho.com\/index.php\/wp-json\/wp\/v2\/pages\/355\/revisions"}],"predecessor-version":[{"id":9374,"href":"https:\/\/tecamacho.com\/index.php\/wp-json\/wp\/v2\/pages\/355\/revisions\/9374"}],"wp:attachment":[{"href":"https:\/\/tecamacho.com\/index.php\/wp-json\/wp\/v2\/media?parent=355"}],"curies":[{"name":"wp","href":"https:\/\/api.w.org\/{rel}","templated":true}]}}